{"id":35685,"date":"2019-09-01T00:00:01","date_gmt":"2019-09-01T00:00:01","guid":{"rendered":"https:\/\/portofesta.com\/en\/?page_id=35685"},"modified":"2020-02-17T11:41:29","modified_gmt":"2020-02-17T11:41:29","slug":"protecao-de-dados","status":"publish","type":"page","link":"https:\/\/portofesta.com\/en\/protecao-de-dados\/","title":{"rendered":"Prote\u00e7\u00e3o de Dados"},"content":{"rendered":"<p>[et_pb_section fb_built=&#8221;1&#8243; module_id=&#8221;PP&#8221; _builder_version=&#8221;3.22&#8243; custom_margin=&#8221;0px||0px|&#8221; custom_padding=&#8221;0px|0px|0px|0px&#8221;][et_pb_row custom_padding_last_edited=&#8221;on|desktop&#8221; _builder_version=&#8221;3.25&#8243; background_size=&#8221;initial&#8221; background_position=&#8221;top_left&#8221; background_repeat=&#8221;repeat&#8221; custom_margin=&#8221;0px||0px||true&#8221; custom_padding=&#8221;100px||100px||true&#8221; custom_padding_tablet=&#8221;80px||80px|&#8221; custom_padding_phone=&#8221;60px||60px|&#8221;][et_pb_column type=&#8221;4_4&#8243; _builder_version=&#8221;3.25&#8243; custom_padding=&#8221;|||&#8221; custom_padding__hover=&#8221;|||&#8221;][et_pb_text _builder_version=&#8221;4.3.2&#8243; text_font=&#8221;||||||||&#8221; text_line_height=&#8221;1.3em&#8221; header_font=&#8221;||||||||&#8221; text_orientation=&#8221;justified&#8221; custom_margin=&#8221;0px||0px|&#8221; custom_padding=&#8221;0px||0px|&#8221; hover_enabled=&#8221;0&#8243;]<\/p>\n<h1>Privacy Policy<\/h1>\n<p><\/p>\n<p><strong>GDPR &#8211; PRIVACY POLICY<\/strong><\/p>\n<p>Your privacy is important to us. We respect it and are committed to protecting it.<\/p>\n<p>We are aware of the concerns you may have about the confidentiality of the information and personal data you share with us; therefore, this document has everything you need to know about the privacy policy of our website. This policy allows you to obtain additional information about the use we make of the personal data you provide us and your rights.<\/p>\n<p>By submitting your data, you are accepting our policy privacy. In accordance with Law no. 67\/98, from October 26th, about the Protection of Personal Data, we inform that the management of the personal data collected on our website is our responsibility.<\/p>\n<p><strong>1. Identity and contacts of the entity who will manage your data:<\/strong><br \/>The data collected on this site are processed by us.<br \/>All the information collected on this site is managed and controlled exclusively by us. We provide enough warranties regarding the protection of your personal information, guaranteeing that this will be administered in accordance with the current legislation regarding the protection of personal information, as well as this privacy policy.<\/p>\n<p><strong>2. Legal basis of legitimacy of data processing:<\/strong><br \/>Through this website we may collect personal data, shared via the contact form, with your consent.<\/p>\n<p><strong>3. Purposes:<\/strong><br \/>Your personal data is collected to:<br \/>\u2013 Answer our questions on the contact form;<br \/>\u2013 Send you information about our products and services, news and events \u2013 Newsletters.<\/p>\n<p><strong>4. Period of retention of your data:<\/strong><br \/>The data collected and processed through the contact form will be kept only during the processing of your request and after this phase it will be destroyed.<\/p>\n<p><strong>5. Data recipients:<\/strong><br \/>The personal information provided will be used in order to be able to contact you and provide all the information requested through our contact form.<\/p>\n<p>Your personal data will never be disclosed to third parties, except in special cases, such as:<br \/>Meet the requirements imposed by law or competent governmental or judicial authorities.<\/p>\n<p><strong>6. Data security and confidentiality:<\/strong><br \/>We commit ourselves to implement all the necessary precautions to preserve the confidentiality and safety of your personal data.<\/p>\n<p><strong>7. Your rights and how you can access, rectify or oppose to the processing of your personal data:<\/strong><br \/>According to the personal data protection law, the data subjects is guaranteed the right to access, update, rectify or delete their personal data, which may take place through the various contacts available.<\/p>\n<p>For any questions regarding the collection and processing of your personal data, you can contact us by email or by telephone.<\/p>\n<p><strong>8. Data usage:<\/strong><br \/>The personal information provided will be in order to be able to contact you and provide all the information requested through our contact form.<br \/>We will not provide or sell your personal data to any third parties, unless if we are obliged by law or by court decision.<\/p>\n<p><strong>9. How we use \u201cCookies\u201d:<\/strong><br \/>\u201cCookies\u201d are stored in your computer through your browser, retaining information only related to your preferences, not including, therefore, your personal data.<br \/>On the text below you can find more information about the various \u201ccookies\u201d we use and the purpose of each of these:<br \/>\u2013 Strictly needed \u201ccookies\u201d: These allow you to browse the website and use its apps. Without these \u201ccookies\u201d, the services you may have requested cannot be provided accordingly;<br \/>\u2013 Analytical \u201ccookies\u201d: These are used anonymously to create statistics to be analyzed afterwards, in order to improve the functioning of the website;<br \/>\u2013 Feature \u201ccookies\u201d: These retain the user\u2019s preferences related to the website usage, so you do not need to configurate the website each time you visit it.<\/p>\n<p><strong>10. Contacts<\/strong><br \/>If you need more information, please feel free to contact us by email <a href=\"geral@portofesta.com\">geral@portofesta.com<\/a>.<\/p>\n<p>[\/et_pb_text][\/et_pb_column][\/et_pb_row][\/et_pb_section][et_pb_section fb_built=&#8221;1&#8243; module_id=&#8221;PC&#8221; _builder_version=&#8221;4.3.2&#8243; custom_margin=&#8221;0px||0px|&#8221; custom_padding=&#8221;0px|0px|0px|0px&#8221; hover_enabled=&#8221;0&#8243; border_width_bottom=&#8221;1px&#8221; border_color_bottom=&#8221;rgba(0,0,0,0.2)&#8221; background_color=&#8221;#eeeeee&#8221;][et_pb_row custom_padding_last_edited=&#8221;on|desktop&#8221; _builder_version=&#8221;3.25&#8243; background_size=&#8221;initial&#8221; background_position=&#8221;top_left&#8221; background_repeat=&#8221;repeat&#8221; custom_margin=&#8221;0px||0px|&#8221; custom_padding=&#8221;100px||100px|&#8221; custom_padding_tablet=&#8221;80px||80px|&#8221; custom_padding_phone=&#8221;60px||60px|&#8221;][et_pb_column type=&#8221;4_4&#8243; _builder_version=&#8221;3.25&#8243; custom_padding=&#8221;|||&#8221; custom_padding__hover=&#8221;|||&#8221;][et_pb_text _builder_version=&#8221;3.27.4&#8243; text_font=&#8221;||||||||&#8221; text_line_height=&#8221;1.3em&#8221; header_font=&#8221;||||||||&#8221; text_orientation=&#8221;justified&#8221; custom_margin=&#8221;0px||0px|&#8221; custom_padding=&#8221;0px||0px|&#8221;]<\/p>\n<h1>Pol\u00edtica de Cookies<\/h1>\n<p>&nbsp;<\/p>\n<p><strong>USO DE COOKIES<\/strong><br \/>Este site utiliza cookies para lhe permitir ter a melhor experi\u00eancia como utilizador.<br \/>Se continuar a navegar est\u00e1 a dar o seu consentimento para a aceita\u00e7\u00e3o dos referidos cookies bem como da nossa Pol\u00edtica de Cookies.<\/p>\n<p><strong>O QUE S\u00c3O COOKIES?<\/strong><br \/>Os cookies s\u00e3o pequenos ficheiros de texto gravados no seu equipamento quando acede aos sites.<br \/>Estes permitem o armazenamento de um conjunto de informa\u00e7\u00f5es relacionadas com o utilizador, em que umas s\u00e3o usadas para reconhecer o utilizador em futuras visitas ao nosso site, e outras s\u00e3o usadas para garantir as funcionalidades disponibilizadas e melhorar o desempenho e a experi\u00eancia do utilizador no site.<br \/>O tipo de informa\u00e7\u00e3o que pode ser analisada utilizando cookies \u00e9 a seguinte: nome de utilizador, endere\u00e7o de correio eletr\u00f3nico e palavra-passe, o endere\u00e7o de protocolo de internet (IP) que \u00e9 utilizado para ligar \u00e0 internet, o tipo e a vers\u00e3o de navegador, o sistema operativo e a plataforma utilizada para a liga\u00e7\u00e3o, os endere\u00e7os web (URLs) desde os quais ou atrav\u00e9s dos quais tenha acedido e deixado os nossos servi\u00e7os online, e a data e a hora da referida atividade, entre outros.<br \/>Os cookies dos sites podem ser, a qualquer momento, desactivados ou geridos. Para saber como o fazer aceda \u00e0 \u00e1rea de \u201cAjuda\u201d do seu Browser.<br \/>Aten\u00e7\u00e3o: \u00e9 importante perceber que algumas \u00e1reas do site poder\u00e3o n\u00e3o funcionar correctamente ap\u00f3s a desactiva\u00e7\u00e3o dos cookies.<\/p>\n<p><strong>FINALIDADE DOS COOKIES?<\/strong><br \/>A utiliza\u00e7\u00e3o de cookies optimiza a navega\u00e7\u00e3o do utilizador, permitindo que os dados armazenados melhorem a sua experi\u00eancia no site, aumentando tamb\u00e9m a efici\u00eancia de resposta do endere\u00e7o web.<br \/>Assim, permitem eliminar algumas a\u00e7\u00f5es repetitivas no site, bem como auxiliar na apresenta\u00e7\u00e3o de informa\u00e7\u00e3o, para ir, o mais poss\u00edvel de encontro aos seus interesses.<\/p>\n<p><strong>TIPOS DE COOKIES UTILIZADOS<\/strong><br \/>Os cookies s\u00e3o segmentados de acordo com a sua finalidade e data de validade.<br \/>Os cookies essenciais s\u00e3o elementos fundamentais de acesso a determinadas \u00e1reas do site, tais como o acesso a \u00e1reas seguras do site atrav\u00e9s de login e Password. Desactivando os cookies os mesmos servi\u00e7os poder\u00e3o n\u00e3o ser consultados.<br \/>Os cookies de funcionalidade memorizam as prefer\u00eancias de navega\u00e7\u00e3o do utilizador.<br \/>Os cookies anal\u00edticos permitem a memoriza\u00e7\u00e3o da forma como determinado site \u00e9 navegado, com a finalidade de apresenta\u00e7\u00e3o de produtos ou servi\u00e7os que v\u00e3o de encontro ao utilizador, atrav\u00e9s da monitoriza\u00e7\u00e3o do site. S\u00e3o exemplos os que guardam as p\u00e1ginas mais visitadas, o tempo em cada p\u00e1gina, produtos ou servi\u00e7os pesquisados, etc. Estes cookies armazenam informa\u00e7\u00f5es de teor estat\u00edstico.<\/p>\n<p><strong>EXPRESS\u00c3O DE CONSENTIMENTO DE USO DE COOKIES<\/strong><br \/>O utilizador ao aceder ao nosso site d\u00e1 o seu consentimento para o uso de cookies atrav\u00e9s de um bot\u00e3o OK no banner que aparece quando o utilizador visita pela primeira vez o nosso site.<\/p>\n<p>[\/et_pb_text][et_pb_button button_url=&#8221;https:\/\/portofesta.com\/en\/&#8221; button_text=&#8221;Homepage&#8221; _builder_version=&#8221;4.3.2&#8243; custom_margin=&#8221;30px||0px||false&#8221; hover_enabled=&#8221;0&#8243;][\/et_pb_button][\/et_pb_column][\/et_pb_row][\/et_pb_section][et_pb_section fb_built=&#8221;1&#8243; disabled_on=&#8221;off|off|off&#8221; _builder_version=&#8221;3.27.3&#8243; background_color=&#8221;#ffffff&#8221; custom_margin=&#8221;0px|0px|0px|0px|true|true&#8221; custom_padding=&#8221;0px|0px|0px|0px|true|true&#8221; custom_padding_tablet=&#8221;0px||0px|&#8221; global_module=&#8221;41197&#8243; saved_tabs=&#8221;all&#8221;][et_pb_row column_structure=&#8221;3_5,2_5&#8243; column_padding_mobile=&#8221;on&#8221; custom_padding_last_edited=&#8221;on|desktop&#8221; module_class=&#8221; et_pb_row_fullwidth&#8221; _builder_version=&#8221;3.27.3&#8243; background_size=&#8221;initial&#8221; background_position=&#8221;top_left&#8221; background_repeat=&#8221;repeat&#8221; width=&#8221;95%&#8221; max_width=&#8221;95%&#8221; module_alignment=&#8221;center&#8221; custom_margin=&#8221;0px|0px|0px|0px|true|true&#8221; custom_padding=&#8221;40px|0px|40px|0px|true|true&#8221; custom_padding_tablet=&#8221;|25px||25px|true|true&#8221; custom_padding_phone=&#8221;||||true|true&#8221; make_fullwidth=&#8221;on&#8221;][et_pb_column type=&#8221;3_5&#8243; _builder_version=&#8221;3.25&#8243; custom_padding=&#8221;|||&#8221; custom_padding__hover=&#8221;|||&#8221;][et_pb_text admin_label=&#8221;Rodape nome do site&#8221; module_class=&#8221;LinkFooterBranco&#8221; _builder_version=&#8221;4.3.2&#8243; text_font=&#8221;||||||||&#8221; text_font_size=&#8221;12px&#8221; text_line_height=&#8221;1.4em&#8221; background_size=&#8221;initial&#8221; background_position=&#8221;top_left&#8221; background_repeat=&#8221;repeat&#8221; custom_margin=&#8221;0px||0px||true&#8221; custom_padding=&#8221;0px||0px||true&#8221; text_text_align=&#8221;left&#8221; text_text_align_tablet=&#8221;center&#8221; text_text_align_last_edited=&#8221;on|desktop&#8221;]<\/p>\n<p style=\"padding-bottom: 8px; font-size: 14px;\">\u00a9 PORTOFESTA &#8211; Portugal wedding lights<\/p>\n<p style=\"padding-bottom: 4px;\"><a href=\"https:\/\/portofesta.com\/en\/protecao-de-dados\/#PP\">Privacy<\/a> \u00a0\u00a0 <a href=\"https:\/\/portofesta.com\/en\/protecao-de-dados\/#PC\">Cookies<\/a><\/p>\n<p style=\"padding-bottom: 0px;\">webdesign by: <a href=\"https:\/\/criativo.net\/\" target=\"_blank\" rel=\"noopener noreferrer\">criativo.net<\/a><\/p>\n<p>[\/et_pb_text][\/et_pb_column][et_pb_column type=&#8221;2_5&#8243; _builder_version=&#8221;3.25&#8243; custom_padding=&#8221;|||&#8221; custom_padding__hover=&#8221;|||&#8221;][et_pb_social_media_follow use_icon_font_size=&#8221;on&#8221; icon_font_size=&#8221;15px&#8221; _builder_version=&#8221;4.2.2&#8243; text_orientation=&#8221;right&#8221; custom_margin=&#8221;0px||0px||true|false&#8221; custom_padding=&#8221;0px||0px||true|false&#8221; filter_saturate=&#8221;0%&#8221; text_orientation_tablet=&#8221;center&#8221; text_orientation_phone=&#8221;&#8221; text_orientation_last_edited=&#8221;on|desktop&#8221; border_radii=&#8221;on|50px|50px|50px|50px&#8221;][et_pb_social_media_follow_network social_network=&#8221;facebook&#8221; url=&#8221;https:\/\/www.facebook.com\/Portofesta&#8221; _builder_version=&#8221;3.29.3&#8243; background_color=&#8221;#3b5998&#8243; custom_margin=&#8221;0px|0px|0px|0px|true|true&#8221; custom_padding=&#8221;0px|0px|0px|0px|true|true&#8221; follow_button=&#8221;off&#8221; url_new_window=&#8221;on&#8221;]facebook[\/et_pb_social_media_follow_network][et_pb_social_media_follow_network social_network=&#8221;instagram&#8221; url=&#8221;https:\/\/www.instagram.com\/portofesta\/&#8221; _builder_version=&#8221;3.29.3&#8243; background_color=&#8221;#ea2c59&#8243; custom_margin=&#8221;0px|0px|0px|0px|true|true&#8221; custom_padding=&#8221;0px|0px|0px|0px|true|true&#8221; follow_button=&#8221;off&#8221; url_new_window=&#8221;on&#8221;]instagram[\/et_pb_social_media_follow_network][et_pb_social_media_follow_network social_network=&#8221;pinterest&#8221; url=&#8221;https:\/\/www.pinterest.pt\/portofesta\/&#8221; _builder_version=&#8221;4.2.2&#8243; background_color=&#8221;#cb2027&#8243; custom_margin=&#8221;0px|0px|0px|0px|true|true&#8221; custom_padding=&#8221;0px|0px|0px|0px|true|true&#8221; follow_button=&#8221;off&#8221; url_new_window=&#8221;on&#8221;]pinterest[\/et_pb_social_media_follow_network][\/et_pb_social_media_follow][\/et_pb_column][\/et_pb_row][\/et_pb_section]<\/p>\n","protected":false},"excerpt":{"rendered":"<p>[et_pb_section fb_built=&#8221;1&#8243; module_id=&#8221;PP&#8221; _builder_version=&#8221;3.22&#8243; custom_margin=&#8221;0px||0px|&#8221; custom_padding=&#8221;0px|0px|0px|0px&#8221;][et_pb_row custom_padding_last_edited=&#8221;on|desktop&#8221; _builder_version=&#8221;3.25&#8243; background_size=&#8221;initial&#8221; background_position=&#8221;top_left&#8221; background_repeat=&#8221;repeat&#8221; custom_margin=&#8221;0px||0px||true&#8221; custom_padding=&#8221;100px||100px||true&#8221; custom_padding_tablet=&#8221;80px||80px|&#8221; custom_padding_phone=&#8221;60px||60px|&#8221;][et_pb_column type=&#8221;4_4&#8243; _builder_version=&#8221;3.25&#8243; custom_padding=&#8221;|||&#8221; custom_padding__hover=&#8221;|||&#8221;][et_pb_text _builder_version=&#8221;4.3.2&#8243; text_font=&#8221;||||||||&#8221; text_line_height=&#8221;1.3em&#8221; header_font=&#8221;||||||||&#8221; text_orientation=&#8221;justified&#8221; custom_margin=&#8221;0px||0px|&#8221; custom_padding=&#8221;0px||0px|&#8221; hover_enabled=&#8221;0&#8243;] Privacy Policy GDPR &#8211; PRIVACY POLICY Your privacy is important to us. We respect it and are committed to protecting it. We are aware of the concerns you [&hellip;]<\/p>\n","protected":false},"author":3,"featured_media":0,"parent":0,"menu_order":0,"comment_status":"closed","ping_status":"closed","template":"","meta":{"_et_pb_use_builder":"on","_et_pb_old_content":"","_et_gb_content_width":"","footnotes":""},"class_list":["post-35685","page","type-page","status-publish","hentry"],"_links":{"self":[{"href":"https:\/\/portofesta.com\/en\/wp-json\/wp\/v2\/pages\/35685","targetHints":{"allow":["GET"]}}],"collection":[{"href":"https:\/\/portofesta.com\/en\/wp-json\/wp\/v2\/pages"}],"about":[{"href":"https:\/\/portofesta.com\/en\/wp-json\/wp\/v2\/types\/page"}],"author":[{"embeddable":true,"href":"https:\/\/portofesta.com\/en\/wp-json\/wp\/v2\/users\/3"}],"replies":[{"embeddable":true,"href":"https:\/\/portofesta.com\/en\/wp-json\/wp\/v2\/comments?post=35685"}],"version-history":[{"count":29,"href":"https:\/\/portofesta.com\/en\/wp-json\/wp\/v2\/pages\/35685\/revisions"}],"predecessor-version":[{"id":43058,"href":"https:\/\/portofesta.com\/en\/wp-json\/wp\/v2\/pages\/35685\/revisions\/43058"}],"wp:attachment":[{"href":"https:\/\/portofesta.com\/en\/wp-json\/wp\/v2\/media?parent=35685"}],"curies":[{"name":"wp","href":"https:\/\/api.w.org\/{rel}","templated":true}]}}