{"id":40601,"date":"2019-09-01T00:00:36","date_gmt":"2019-09-01T00:00:36","guid":{"rendered":"https:\/\/portofesta.com\/en\/?page_id=40601"},"modified":"2020-02-17T11:49:51","modified_gmt":"2020-02-17T11:49:51","slug":"empresa","status":"publish","type":"page","link":"https:\/\/portofesta.com\/en\/empresa\/","title":{"rendered":"Empresa"},"content":{"rendered":"<p>[et_pb_section fb_built=&#8221;1&#8243; _builder_version=&#8221;4.0.11&#8243; background_color=&#8221;#f6f6f6&#8243; custom_margin=&#8221;0px||0px||true|false&#8221; custom_padding=&#8221;80px||100px||false|false&#8221;][et_pb_row column_structure=&#8221;1_2,1_2&#8243; make_equal=&#8221;on&#8221; _builder_version=&#8221;4.1&#8243; width=&#8221;90%&#8221; max_width=&#8221;1200px&#8221; custom_margin=&#8221;0px||0px||true|false&#8221; custom_padding=&#8221;0px||0px||true|false&#8221; gutter_width__hover_enabled=&#8221;on|desktop&#8221;][et_pb_column type=&#8221;1_2&#8243; _builder_version=&#8221;4.0.11&#8243;][et_pb_image src=&#8221;https:\/\/portofesta.com\/en\/wp-content\/uploads\/2020\/01\/About.jpg&#8221; align=&#8221;center&#8221; _builder_version=&#8221;4.1&#8243; custom_margin=&#8221;0px||0px||true|false&#8221; custom_padding=&#8221;0px||0px||true|false&#8221; border_width_all=&#8221;25px&#8221; border_color_all=&#8221;#ffffff&#8221;][\/et_pb_image][\/et_pb_column][et_pb_column type=&#8221;1_2&#8243; _builder_version=&#8221;4.0.11&#8243;][et_pb_text _builder_version=&#8221;4.3.2&#8243; header_2_font_size=&#8221;28px&#8221; custom_margin=&#8221;0px||0px||true|false&#8221; custom_padding=&#8221;100px||0px||false|false&#8221; custom_padding_tablet=&#8221;0px||||false|false&#8221; custom_padding_phone=&#8221;&#8221; custom_padding_last_edited=&#8221;on|desktop&#8221; hover_enabled=&#8221;0&#8243; header_2_font_size_tablet=&#8221;24px&#8221; header_2_font_size_phone=&#8221;20px&#8221; header_2_font_size_last_edited=&#8221;on|desktop&#8221; locked=&#8221;off&#8221;]<\/p>\n<h2 style=\"padding-bottom: 0px;\">ABOUT US<\/h2>\n<p>[\/et_pb_text][et_pb_divider color=&#8221;#999999&#8243; divider_weight=&#8221;1px&#8221; _builder_version=&#8221;4.1&#8243; width_last_edited=&#8221;off|desktop&#8221; custom_margin=&#8221;0px||0px||true|false&#8221; custom_padding=&#8221;0px||30px||false|false&#8221; locked=&#8221;off&#8221;][\/et_pb_divider][et_pb_cta button_text_last_edited=&#8221;off|desktop&#8221; _builder_version=&#8221;4.3.2&#8243; body_font=&#8221;|300|||||||&#8221; body_font_size=&#8221;16px&#8221; use_background_color=&#8221;off&#8221; text_orientation=&#8221;justified&#8221; background_layout=&#8221;light&#8221; custom_margin=&#8221;0px||0px||true|false&#8221; custom_padding=&#8221;0px||0px||true|false&#8221; locked=&#8221;off&#8221;]<\/p>\n<p>In 2006, two people connected to the production of events and audiovisual joined and formed a collective that is currently one of the most prestigious providers in the DJ, lighting and production of social and corporate events, creating the Portofesta brand and later Portofesta &#8211; Portugal Wedding Lights.<\/p>\n<p>Portofesta positions itself in the market with an innovative attitude through its custom made services, full or partial production of events, serving both the final customer and some of today&#8217;s best decorators.<\/p>\n<p>We apply all our experience and know-how, in regard to lighting, to create new customized solutions that are always unique to our customers.<\/p>\n<p>In our sound department we benefit from all the experience acquired over the years so that your event has the best quality, both technical and musical, whether a DJ or a band, adapting to your preferences and those of your guests.<\/p>\n<p>No event is too big or too small for Portofesta so contact us and let us help make your day unforgettable.<\/p>\n<p><strong>The rest are 14 years making happy people!<\/strong><\/p>\n<p>[\/et_pb_cta][\/et_pb_column][\/et_pb_row][\/et_pb_section][et_pb_section fb_built=&#8221;1&#8243; disabled_on=&#8221;on|on|on&#8221; _builder_version=&#8221;4.1&#8243; background_color=&#8221;#f6f6f6&#8243; custom_margin=&#8221;0px||0px||true|false&#8221; custom_padding=&#8221;80px||100px||false|false&#8221; disabled=&#8221;on&#8221;][et_pb_row column_structure=&#8221;1_2,1_2&#8243; make_equal=&#8221;on&#8221; _builder_version=&#8221;4.0.11&#8243; width=&#8221;90%&#8221; custom_margin=&#8221;0px||0px||true|false&#8221; custom_padding=&#8221;0px||0px||true|false&#8221; gutter_width__hover_enabled=&#8221;on|desktop&#8221;][et_pb_column type=&#8221;1_2&#8243; _builder_version=&#8221;4.0.11&#8243;][et_pb_image src=&#8221;https:\/\/portofesta.com\/en\/wp-content\/uploads\/2020\/01\/PF_AboutUs_01.jpg&#8221; align=&#8221;center&#8221; _builder_version=&#8221;4.0.11&#8243; custom_margin=&#8221;0px||0px||true|false&#8221; custom_padding=&#8221;0px||0px||true|false&#8221; border_width_all=&#8221;25px&#8221; border_color_all=&#8221;#ffffff&#8221;][\/et_pb_image][\/et_pb_column][et_pb_column type=&#8221;1_2&#8243; _builder_version=&#8221;4.0.11&#8243;][et_pb_text _builder_version=&#8221;4.0.11&#8243; header_2_font_size=&#8221;28px&#8221; custom_margin=&#8221;0px||0px||true|false&#8221; custom_padding=&#8221;150px||0px||false|false&#8221; header_2_font_size_tablet=&#8221;24px&#8221; header_2_font_size_phone=&#8221;20px&#8221; header_2_font_size_last_edited=&#8221;on|desktop&#8221; locked=&#8221;off&#8221;]<\/p>\n<h2 style=\"padding-bottom: 0px;\">SOBRE N\u00d3S<\/h2>\n<p>[\/et_pb_text][et_pb_divider color=&#8221;#999999&#8243; divider_weight=&#8221;1px&#8221; _builder_version=&#8221;4.0.11&#8243; width=&#8221;420px&#8221; custom_margin=&#8221;0px||0px||true|false&#8221; custom_padding=&#8221;0px||30px||false|false&#8221; locked=&#8221;off&#8221;][\/et_pb_divider][et_pb_cta button_text_last_edited=&#8221;off|desktop&#8221; _builder_version=&#8221;4.0.11&#8243; body_font=&#8221;|300|||||||&#8221; body_font_size=&#8221;16px&#8221; use_background_color=&#8221;off&#8221; text_orientation=&#8221;justified&#8221; background_layout=&#8221;light&#8221; max_width=&#8221;420px&#8221; custom_margin=&#8221;0px||0px||true|false&#8221; custom_padding=&#8221;0px||0px||true|false&#8221; locked=&#8221;off&#8221;]Em 2006 duas pessoas ligadas \u00e0 produ\u00e7\u00e3o de eventos e ao audiovisual uniram-se e formaram um coletivo que \u00e9 atualmente um dos mais conceituados prestadores de servi\u00e7os do mercado nas \u00e1reas de DJ, ilumina\u00e7\u00e3o e produ\u00e7\u00e3o de eventos sociais e corporativos, criando a marca Portofesta e posteriormente a Portofesta \u2013 Portugal Wedding Lights.[\/et_pb_cta][\/et_pb_column][\/et_pb_row][\/et_pb_section][et_pb_section fb_built=&#8221;1&#8243; disabled_on=&#8221;on|on|on&#8221; _builder_version=&#8221;4.1&#8243; custom_margin=&#8221;0px||0px||true|false&#8221; custom_padding=&#8221;0px||0px||true|false&#8221; disabled=&#8221;on&#8221;][et_pb_row column_structure=&#8221;2_5,3_5&#8243; use_custom_gutter=&#8221;on&#8221; gutter_width=&#8221;1&#8243; make_equal=&#8221;on&#8221; _builder_version=&#8221;4.0.11&#8243; width=&#8221;100%&#8221; max_width=&#8221;100%&#8221; custom_margin=&#8221;0px||0px||true|false&#8221; custom_padding=&#8221;0px||0px||true|false&#8221;][et_pb_column type=&#8221;2_5&#8243; _builder_version=&#8221;4.0.11&#8243;][et_pb_text _builder_version=&#8221;4.1&#8243; text_font=&#8221;|300|||||||&#8221; text_font_size=&#8221;17px&#8221; text_orientation=&#8221;justified&#8221; max_width=&#8221;380px&#8221; module_alignment=&#8221;center&#8221; custom_margin=&#8221;0px||0px||true|false&#8221; custom_padding=&#8221;20vh||20vh||true|false&#8221;]A Portofesta posiciona-se no mercado com uma postura inovadora atrav\u00e9s dos seus servi\u00e7os custom made (feito \u00e0 medida), produ\u00e7\u00e3o integral ou parcial de eventos, servindo assim tanto o cliente final como alguns dos melhores decoradores da atualidade.<\/p>\n<p>Aplicamos toda a nossa experi\u00eancia e know how,  no que a ilumina\u00e7\u00e3o diz respeito, para criar novas solu\u00e7\u00f5es personalizadas e quase sempre exclusivas para os nossos clientes.[\/et_pb_text][\/et_pb_column][et_pb_column type=&#8221;3_5&#8243; _builder_version=&#8221;4.0.11&#8243; background_image=&#8221;https:\/\/portofesta.com\/en\/wp-content\/uploads\/2020\/01\/PF_AboutUs_02.jpg&#8221;][et_pb_divider show_divider=&#8221;off&#8221; _builder_version=&#8221;4.0.11&#8243; height=&#8221;300px&#8221; custom_margin=&#8221;0px||0px||true|false&#8221; custom_padding=&#8221;0px||0px||true|false&#8221;][\/et_pb_divider][\/et_pb_column][\/et_pb_row][\/et_pb_section][et_pb_section fb_built=&#8221;1&#8243; disabled_on=&#8221;on|on|on&#8221; _builder_version=&#8221;4.1&#8243; background_color=&#8221;#f6f6f6&#8243; custom_margin=&#8221;0px||0px||true|false&#8221; custom_padding=&#8221;100px||0px||false|false&#8221; disabled=&#8221;on&#8221; locked=&#8221;off&#8221;][et_pb_row column_structure=&#8221;1_3,1_3,1_3&#8243; make_equal=&#8221;on&#8221; _builder_version=&#8221;4.0.11&#8243; width=&#8221;95%&#8221; max_width=&#8221;1200px&#8221; custom_margin=&#8221;0px||0px||true|false&#8221; custom_padding=&#8221;0px||0px||true|false&#8221; gutter_width__hover_enabled=&#8221;off|desktop&#8221;][et_pb_column type=&#8221;1_3&#8243; _builder_version=&#8221;4.0.11&#8243;][et_pb_text _builder_version=&#8221;4.1&#8243; text_font=&#8221;Prata|700|||||||&#8221; text_font_size=&#8221;17px&#8221; text_letter_spacing=&#8221;1px&#8221; custom_margin=&#8221;0px||0px||true|false&#8221; custom_padding=&#8221;200px||20px||false|false&#8221;]14 anos a fazer gente feliz![\/et_pb_text][et_pb_image src=&#8221;https:\/\/portofesta.com\/en\/wp-content\/uploads\/2020\/01\/PF_AboutUs_04.jpg&#8221; align=&#8221;center&#8221; _builder_version=&#8221;4.0.11&#8243; custom_margin=&#8221;0px|120px|0px||true|false&#8221; custom_padding=&#8221;0px||0px||true|false&#8221; border_width_all=&#8221;15px&#8221; border_color_all=&#8221;#ffffff&#8221; locked=&#8221;off&#8221;][\/et_pb_image][\/et_pb_column][et_pb_column type=&#8221;1_3&#8243; _builder_version=&#8221;4.0.11&#8243;][et_pb_image src=&#8221;https:\/\/portofesta.com\/en\/wp-content\/uploads\/2020\/01\/PF_AboutUs_03.jpg&#8221; align=&#8221;center&#8221; _builder_version=&#8221;4.0.11&#8243; custom_margin=&#8221;0px||0px|-120px|true|false&#8221; custom_padding=&#8221;0px||0px||true|false&#8221; locked=&#8221;off&#8221;][\/et_pb_image][\/et_pb_column][et_pb_column type=&#8221;1_3&#8243; _builder_version=&#8221;4.0.11&#8243;][et_pb_text _builder_version=&#8221;4.1&#8243; text_font=&#8221;|300|||||||&#8221; text_font_size=&#8221;17px&#8221; text_orientation=&#8221;justified&#8221; max_width=&#8221;380px&#8221; custom_margin=&#8221;0px||0px||true|false&#8221; custom_padding=&#8221;80px||0px||false|false&#8221;]No nosso departamento de som beneficiamos de toda a experi\u00eancia adquirida ao longo dos anos para que no seu evento tenha a melhor qualidade, tanto t\u00e9cnica como musical, seja um DJ ou uma banda, adaptando-se assim aos seus gostos e dos seus convidados.<\/p>\n<p>Nenhum evento \u00e9 demasiado grande ou pequeno para a Portofesta por isso contacte-nos e deixe-nos ajudar a tornar o seu dia inesquec\u00edvel.[\/et_pb_text][\/et_pb_column][\/et_pb_row][\/et_pb_section][et_pb_section fb_built=&#8221;1&#8243; disabled_on=&#8221;off|off|off&#8221; _builder_version=&#8221;3.27.3&#8243; background_color=&#8221;#ffffff&#8221; custom_margin=&#8221;0px|0px|0px|0px|true|true&#8221; custom_padding=&#8221;0px|0px|0px|0px|true|true&#8221; custom_padding_tablet=&#8221;0px||0px|&#8221; global_module=&#8221;41197&#8243; saved_tabs=&#8221;all&#8221;][et_pb_row column_structure=&#8221;3_5,2_5&#8243; column_padding_mobile=&#8221;on&#8221; custom_padding_last_edited=&#8221;on|desktop&#8221; module_class=&#8221; et_pb_row_fullwidth&#8221; _builder_version=&#8221;3.27.3&#8243; background_size=&#8221;initial&#8221; background_position=&#8221;top_left&#8221; background_repeat=&#8221;repeat&#8221; width=&#8221;95%&#8221; max_width=&#8221;95%&#8221; module_alignment=&#8221;center&#8221; custom_margin=&#8221;0px|0px|0px|0px|true|true&#8221; custom_padding=&#8221;40px|0px|40px|0px|true|true&#8221; custom_padding_tablet=&#8221;|25px||25px|true|true&#8221; custom_padding_phone=&#8221;||||true|true&#8221; make_fullwidth=&#8221;on&#8221;][et_pb_column type=&#8221;3_5&#8243; _builder_version=&#8221;3.25&#8243; custom_padding=&#8221;|||&#8221; custom_padding__hover=&#8221;|||&#8221;][et_pb_text admin_label=&#8221;Rodape nome do site&#8221; module_class=&#8221;LinkFooterBranco&#8221; _builder_version=&#8221;4.3.2&#8243; text_font=&#8221;||||||||&#8221; text_font_size=&#8221;12px&#8221; text_line_height=&#8221;1.4em&#8221; background_size=&#8221;initial&#8221; background_position=&#8221;top_left&#8221; background_repeat=&#8221;repeat&#8221; custom_margin=&#8221;0px||0px||true&#8221; custom_padding=&#8221;0px||0px||true&#8221; text_text_align=&#8221;left&#8221; text_text_align_tablet=&#8221;center&#8221; text_text_align_last_edited=&#8221;on|desktop&#8221;]<\/p>\n<p style=\"padding-bottom: 8px; font-size: 14px;\">\u00a9 PORTOFESTA &#8211; Portugal wedding lights<\/p>\n<p style=\"padding-bottom: 4px;\"><a href=\"https:\/\/portofesta.com\/en\/protecao-de-dados\/#PP\">Privacy<\/a> \u00a0\u00a0 <a href=\"https:\/\/portofesta.com\/en\/protecao-de-dados\/#PC\">Cookies<\/a><\/p>\n<p style=\"padding-bottom: 0px;\">webdesign by: <a href=\"https:\/\/criativo.net\/\" target=\"_blank\" rel=\"noopener noreferrer\">criativo.net<\/a><\/p>\n<p>[\/et_pb_text][\/et_pb_column][et_pb_column type=&#8221;2_5&#8243; _builder_version=&#8221;3.25&#8243; custom_padding=&#8221;|||&#8221; custom_padding__hover=&#8221;|||&#8221;][et_pb_social_media_follow use_icon_font_size=&#8221;on&#8221; icon_font_size=&#8221;15px&#8221; _builder_version=&#8221;4.2.2&#8243; text_orientation=&#8221;right&#8221; custom_margin=&#8221;0px||0px||true|false&#8221; custom_padding=&#8221;0px||0px||true|false&#8221; filter_saturate=&#8221;0%&#8221; text_orientation_tablet=&#8221;center&#8221; text_orientation_phone=&#8221;&#8221; text_orientation_last_edited=&#8221;on|desktop&#8221; border_radii=&#8221;on|50px|50px|50px|50px&#8221;][et_pb_social_media_follow_network social_network=&#8221;facebook&#8221; url=&#8221;https:\/\/www.facebook.com\/Portofesta&#8221; _builder_version=&#8221;3.29.3&#8243; background_color=&#8221;#3b5998&#8243; custom_margin=&#8221;0px|0px|0px|0px|true|true&#8221; custom_padding=&#8221;0px|0px|0px|0px|true|true&#8221; follow_button=&#8221;off&#8221; url_new_window=&#8221;on&#8221;]facebook[\/et_pb_social_media_follow_network][et_pb_social_media_follow_network social_network=&#8221;instagram&#8221; url=&#8221;https:\/\/www.instagram.com\/portofesta\/&#8221; _builder_version=&#8221;3.29.3&#8243; background_color=&#8221;#ea2c59&#8243; custom_margin=&#8221;0px|0px|0px|0px|true|true&#8221; custom_padding=&#8221;0px|0px|0px|0px|true|true&#8221; follow_button=&#8221;off&#8221; url_new_window=&#8221;on&#8221;]instagram[\/et_pb_social_media_follow_network][et_pb_social_media_follow_network social_network=&#8221;pinterest&#8221; url=&#8221;https:\/\/www.pinterest.pt\/portofesta\/&#8221; _builder_version=&#8221;4.2.2&#8243; background_color=&#8221;#cb2027&#8243; custom_margin=&#8221;0px|0px|0px|0px|true|true&#8221; custom_padding=&#8221;0px|0px|0px|0px|true|true&#8221; follow_button=&#8221;off&#8221; url_new_window=&#8221;on&#8221;]pinterest[\/et_pb_social_media_follow_network][\/et_pb_social_media_follow][\/et_pb_column][\/et_pb_row][\/et_pb_section]<\/p>\n","protected":false},"excerpt":{"rendered":"<p>[et_pb_section fb_built=&#8221;1&#8243; _builder_version=&#8221;4.0.11&#8243; background_color=&#8221;#f6f6f6&#8243; custom_margin=&#8221;0px||0px||true|false&#8221; custom_padding=&#8221;80px||100px||false|false&#8221;][et_pb_row column_structure=&#8221;1_2,1_2&#8243; make_equal=&#8221;on&#8221; _builder_version=&#8221;4.1&#8243; width=&#8221;90%&#8221; max_width=&#8221;1200px&#8221; custom_margin=&#8221;0px||0px||true|false&#8221; custom_padding=&#8221;0px||0px||true|false&#8221; gutter_width__hover_enabled=&#8221;on|desktop&#8221;][et_pb_column type=&#8221;1_2&#8243; _builder_version=&#8221;4.0.11&#8243;][et_pb_image src=&#8221;https:\/\/portofesta.com\/en\/wp-content\/uploads\/2020\/01\/About.jpg&#8221; align=&#8221;center&#8221; _builder_version=&#8221;4.1&#8243; custom_margin=&#8221;0px||0px||true|false&#8221; custom_padding=&#8221;0px||0px||true|false&#8221; border_width_all=&#8221;25px&#8221; border_color_all=&#8221;#ffffff&#8221;][\/et_pb_image][\/et_pb_column][et_pb_column type=&#8221;1_2&#8243; _builder_version=&#8221;4.0.11&#8243;][et_pb_text _builder_version=&#8221;4.3.2&#8243; header_2_font_size=&#8221;28px&#8221; custom_margin=&#8221;0px||0px||true|false&#8221; custom_padding=&#8221;100px||0px||false|false&#8221; custom_padding_tablet=&#8221;0px||||false|false&#8221; custom_padding_phone=&#8221;&#8221; custom_padding_last_edited=&#8221;on|desktop&#8221; hover_enabled=&#8221;0&#8243; header_2_font_size_tablet=&#8221;24px&#8221; header_2_font_size_phone=&#8221;20px&#8221; header_2_font_size_last_edited=&#8221;on|desktop&#8221; locked=&#8221;off&#8221;] ABOUT US [\/et_pb_text][et_pb_divider color=&#8221;#999999&#8243; divider_weight=&#8221;1px&#8221; _builder_version=&#8221;4.1&#8243; width_last_edited=&#8221;off|desktop&#8221; custom_margin=&#8221;0px||0px||true|false&#8221; custom_padding=&#8221;0px||30px||false|false&#8221; locked=&#8221;off&#8221;][\/et_pb_divider][et_pb_cta button_text_last_edited=&#8221;off|desktop&#8221; _builder_version=&#8221;4.3.2&#8243; body_font=&#8221;|300|||||||&#8221; body_font_size=&#8221;16px&#8221; use_background_color=&#8221;off&#8221; text_orientation=&#8221;justified&#8221; background_layout=&#8221;light&#8221; custom_margin=&#8221;0px||0px||true|false&#8221; [&hellip;]<\/p>\n","protected":false},"author":3,"featured_media":0,"parent":0,"menu_order":0,"comment_status":"closed","ping_status":"closed","template":"","meta":{"_et_pb_use_builder":"on","_et_pb_old_content":"","_et_gb_content_width":"","footnotes":""},"class_list":["post-40601","page","type-page","status-publish","hentry"],"_links":{"self":[{"href":"https:\/\/portofesta.com\/en\/wp-json\/wp\/v2\/pages\/40601","targetHints":{"allow":["GET"]}}],"collection":[{"href":"https:\/\/portofesta.com\/en\/wp-json\/wp\/v2\/pages"}],"about":[{"href":"https:\/\/portofesta.com\/en\/wp-json\/wp\/v2\/types\/page"}],"author":[{"embeddable":true,"href":"https:\/\/portofesta.com\/en\/wp-json\/wp\/v2\/users\/3"}],"replies":[{"embeddable":true,"href":"https:\/\/portofesta.com\/en\/wp-json\/wp\/v2\/comments?post=40601"}],"version-history":[{"count":38,"href":"https:\/\/portofesta.com\/en\/wp-json\/wp\/v2\/pages\/40601\/revisions"}],"predecessor-version":[{"id":43059,"href":"https:\/\/portofesta.com\/en\/wp-json\/wp\/v2\/pages\/40601\/revisions\/43059"}],"wp:attachment":[{"href":"https:\/\/portofesta.com\/en\/wp-json\/wp\/v2\/media?parent=40601"}],"curies":[{"name":"wp","href":"https:\/\/api.w.org\/{rel}","templated":true}]}}